{"id":274,"date":"2020-09-25T11:51:16","date_gmt":"2020-09-25T09:51:16","guid":{"rendered":"http:\/\/upac.asso.fr\/ppcorrida\/?page_id=274"},"modified":"2025-11-17T08:59:34","modified_gmt":"2025-11-17T07:59:34","slug":"contact","status":"publish","type":"page","link":"http:\/\/upac.asso.fr\/corrida\/contact\/","title":{"rendered":"Contact"},"content":{"rendered":"\n<div style=\"height:30px\" aria-hidden=\"true\" class=\"wp-block-spacer\"><\/div>\n\n\n\n<div class=\"wp-block-columns is-layout-flex wp-container-core-columns-is-layout-9d6595d7 wp-block-columns-is-layout-flex\">\n<div class=\"wp-block-column is-layout-flow wp-block-column-is-layout-flow\">\n<h2 class=\"wp-block-heading\">Pour nous contacter<\/h2>\n\n\n\n<p>Deux possibilit\u00e9s<\/p>\n\n\n\n<div class=\"wp-block-stackable-text stk-block-text stk-block stk-80beeec stk-block-background\" data-block-id=\"80beeec\"><style>.stk-80beeec {background-color:#ffffff !important;border-top-left-radius:10px !important;border-top-right-radius:10px !important;border-bottom-right-radius:10px !important;border-bottom-left-radius:10px !important;overflow:hidden !important;border-style:solid !important;border-color:#131E41 !important;border-top-width:1px !important;border-right-width:1px !important;border-bottom-width:1px !important;border-left-width:1px !important;}.stk-80beeec:before{background-color:#ffffff !important;}<\/style><p class=\"stk-block-text__text\">Coureurs&nbsp;:&nbsp;<a href=\"mailto:corridacg.njuko@laposte.net\">corridacg.njuko@laposte.net<\/a><\/p><\/div>\n\n\n\n<p>B\u00e9n\u00e9volat ou tout autres infos&nbsp;:&nbsp;<a href=\"mailto:Corrida.orga@laposte.net\">Corrida.orga@laposte.net<\/a><\/p>\n\n\n\n<p><\/p>\n<\/div>\n\n\n\n<div class=\"wp-block-column is-layout-flow wp-block-column-is-layout-flow\">\n<div class=\"wp-block-stackable-image stk-block-image stk-block stk-dd2e6a1\" data-block-id=\"dd2e6a1\"><figure><span class=\"stk-img-wrapper stk-image--shape-stretch\"><img loading=\"lazy\" decoding=\"async\" class=\"stk-img wp-image-1480\" src=\"http:\/\/upac.asso.fr\/corrida\/wp-content\/uploads\/2025\/10\/contact.jpg\" width=\"800\" height=\"1200\" srcset=\"http:\/\/upac.asso.fr\/corrida\/wp-content\/uploads\/2025\/10\/contact.jpg 800w, http:\/\/upac.asso.fr\/corrida\/wp-content\/uploads\/2025\/10\/contact-700x1050.jpg 700w, http:\/\/upac.asso.fr\/corrida\/wp-content\/uploads\/2025\/10\/contact-768x1152.jpg 768w, http:\/\/upac.asso.fr\/corrida\/wp-content\/uploads\/2025\/10\/contact-120x180.jpg 120w\" sizes=\"auto, (max-width: 800px) 100vw, 800px\" \/><\/span><\/figure><\/div>\n<\/div>\n<\/div>\n\n\n\n<p><\/p>\n\n\n\n<div style=\"height:30px\" aria-hidden=\"true\" class=\"wp-block-spacer\"><\/div>\n\n\n<div id=\"partenaires3-block_60f528ae01620\" class=\"partenaires3\">\n      <div class=\"titre\">\n      <h2>Partenaires argent<\/h2>\n      <hr \/>\n    <\/div>\n    <div class=\"logos row justify-content-center text-center align-items-center\">\n          <a href=\"https:\/\/www.carrosserie-barada.com\/\" target=\"_blank\" class=\"col-md-2\">\n        <img loading=\"lazy\" decoding=\"async\" width=\"400\" height=\"162\" src=\"http:\/\/upac.asso.fr\/corrida\/wp-content\/uploads\/2021\/07\/barada2.jpg\" class=\"attachment-full size-full\" alt=\"\" srcset=\"http:\/\/upac.asso.fr\/corrida\/wp-content\/uploads\/2021\/07\/barada2.jpg 400w, http:\/\/upac.asso.fr\/corrida\/wp-content\/uploads\/2021\/07\/barada2-120x49.jpg 120w\" sizes=\"auto, (max-width: 400px) 100vw, 400px\" \/>      <\/a>\n            <a href=\"\" target=\"_blank\" class=\"col-md-2\">\n        <img loading=\"lazy\" decoding=\"async\" width=\"300\" height=\"341\" src=\"http:\/\/upac.asso.fr\/corrida\/wp-content\/uploads\/2021\/07\/Logo-Collectif-des-Lunetiers.jpg\" class=\"attachment-full size-full\" alt=\"\" srcset=\"http:\/\/upac.asso.fr\/corrida\/wp-content\/uploads\/2021\/07\/Logo-Collectif-des-Lunetiers.jpg 300w, http:\/\/upac.asso.fr\/corrida\/wp-content\/uploads\/2021\/07\/Logo-Collectif-des-Lunetiers-120x136.jpg 120w\" sizes=\"auto, (max-width: 300px) 100vw, 300px\" \/>      <\/a>\n            <a href=\"https:\/\/reseau.precisium.fr\/399-aze-automobiles\" target=\"_blank\" class=\"col-md-2\">\n        <img loading=\"lazy\" decoding=\"async\" width=\"300\" height=\"199\" src=\"http:\/\/upac.asso.fr\/corrida\/wp-content\/uploads\/2021\/07\/precisium.jpg\" class=\"attachment-full size-full\" alt=\"\" srcset=\"http:\/\/upac.asso.fr\/corrida\/wp-content\/uploads\/2021\/07\/precisium.jpg 300w, http:\/\/upac.asso.fr\/corrida\/wp-content\/uploads\/2021\/07\/precisium-120x80.jpg 120w\" sizes=\"auto, (max-width: 300px) 100vw, 300px\" \/>      <\/a>\n            <a href=\"\" target=\"_blank\" class=\"col-md-2\">\n        <img loading=\"lazy\" decoding=\"async\" width=\"529\" height=\"415\" src=\"http:\/\/upac.asso.fr\/corrida\/wp-content\/uploads\/2021\/07\/pavard.jpg\" class=\"attachment-full size-full\" alt=\"\" srcset=\"http:\/\/upac.asso.fr\/corrida\/wp-content\/uploads\/2021\/07\/pavard.jpg 529w, http:\/\/upac.asso.fr\/corrida\/wp-content\/uploads\/2021\/07\/pavard-120x94.jpg 120w\" sizes=\"auto, (max-width: 529px) 100vw, 529px\" \/>      <\/a>\n        <\/div>\n<\/div>\n\n\n\n<p><\/p>\n","protected":false},"excerpt":{"rendered":"Pour nous contacter Deux possibilit\u00e9s Coureurs&nbsp;:&nbsp;corridacg.njuko@laposte.net B\u00e9n\u00e9volat ou tout autres infos&nbsp;:&nbsp;Corrida.orga@laposte.net","protected":false},"author":1,"featured_media":262,"parent":0,"menu_order":9,"comment_status":"closed","ping_status":"closed","template":"","meta":{"footnotes":""},"class_list":["post-274","page","type-page","status-publish","has-post-thumbnail","hentry"],"yoast_head":"<!-- This site is optimized with the Yoast SEO plugin v17.4 - https:\/\/yoast.com\/wordpress\/plugins\/seo\/ -->\n<meta name=\"robots\" content=\"index, follow, max-snippet:-1, max-image-preview:large, max-video-preview:-1\" \/>\n<link rel=\"canonical\" href=\"http:\/\/upac.asso.fr\/corrida\/contact\/\" \/>\n<meta property=\"og:locale\" content=\"fr_FR\" \/>\n<meta property=\"og:type\" content=\"article\" \/>\n<meta property=\"og:title\" content=\"Contact - Corrida\" \/>\n<meta property=\"og:description\" content=\"Pour nous contacter Deux possibilit\u00e9s Coureurs&nbsp;:&nbsp;corridacg.njuko@laposte.net B\u00e9n\u00e9volat ou tout autres infos&nbsp;:&nbsp;Corrida.orga@laposte.net\" \/>\n<meta property=\"og:url\" content=\"http:\/\/upac.asso.fr\/corrida\/contact\/\" \/>\n<meta property=\"og:site_name\" content=\"Corrida\" \/>\n<meta property=\"article:modified_time\" content=\"2025-11-17T07:59:34+00:00\" \/>\n<meta property=\"og:image\" content=\"http:\/\/upac.asso.fr\/corrida\/wp-content\/uploads\/2020\/09\/benevoles.jpg\" \/>\n\t<meta property=\"og:image:width\" content=\"1200\" \/>\n\t<meta property=\"og:image:height\" content=\"800\" \/>\n<meta name=\"twitter:card\" content=\"summary_large_image\" \/>\n<meta name=\"twitter:label1\" content=\"Dur\u00e9e de lecture est.\" \/>\n\t<meta name=\"twitter:data1\" content=\"1 minute\" \/>\n<script type=\"application\/ld+json\" class=\"yoast-schema-graph\">{\"@context\":\"https:\/\/schema.org\",\"@graph\":[{\"@type\":\"WebSite\",\"@id\":\"http:\/\/upac.asso.fr\/corrida\/#website\",\"url\":\"http:\/\/upac.asso.fr\/corrida\/\",\"name\":\"Corrida\",\"description\":\"Un site utilisant WordPress\",\"potentialAction\":[{\"@type\":\"SearchAction\",\"target\":{\"@type\":\"EntryPoint\",\"urlTemplate\":\"http:\/\/upac.asso.fr\/corrida\/?s={search_term_string}\"},\"query-input\":\"required name=search_term_string\"}],\"inLanguage\":\"fr-FR\"},{\"@type\":\"ImageObject\",\"@id\":\"http:\/\/upac.asso.fr\/corrida\/contact\/#primaryimage\",\"inLanguage\":\"fr-FR\",\"url\":\"http:\/\/upac.asso.fr\/corrida\/wp-content\/uploads\/2020\/09\/benevoles.jpg\",\"contentUrl\":\"http:\/\/upac.asso.fr\/corrida\/wp-content\/uploads\/2020\/09\/benevoles.jpg\",\"width\":1200,\"height\":800},{\"@type\":\"WebPage\",\"@id\":\"http:\/\/upac.asso.fr\/corrida\/contact\/#webpage\",\"url\":\"http:\/\/upac.asso.fr\/corrida\/contact\/\",\"name\":\"Contact - Corrida\",\"isPartOf\":{\"@id\":\"http:\/\/upac.asso.fr\/corrida\/#website\"},\"primaryImageOfPage\":{\"@id\":\"http:\/\/upac.asso.fr\/corrida\/contact\/#primaryimage\"},\"datePublished\":\"2020-09-25T09:51:16+00:00\",\"dateModified\":\"2025-11-17T07:59:34+00:00\",\"breadcrumb\":{\"@id\":\"http:\/\/upac.asso.fr\/corrida\/contact\/#breadcrumb\"},\"inLanguage\":\"fr-FR\",\"potentialAction\":[{\"@type\":\"ReadAction\",\"target\":[\"http:\/\/upac.asso.fr\/corrida\/contact\/\"]}]},{\"@type\":\"BreadcrumbList\",\"@id\":\"http:\/\/upac.asso.fr\/corrida\/contact\/#breadcrumb\",\"itemListElement\":[{\"@type\":\"ListItem\",\"position\":1,\"name\":\"Accueil\",\"item\":\"http:\/\/upac.asso.fr\/corrida\/\"},{\"@type\":\"ListItem\",\"position\":2,\"name\":\"Contact\"}]}]}<\/script>\n<!-- \/ Yoast SEO plugin. -->","yoast_head_json":{"robots":{"index":"index","follow":"follow","max-snippet":"max-snippet:-1","max-image-preview":"max-image-preview:large","max-video-preview":"max-video-preview:-1"},"canonical":"http:\/\/upac.asso.fr\/corrida\/contact\/","og_locale":"fr_FR","og_type":"article","og_title":"Contact - Corrida","og_description":"Pour nous contacter Deux possibilit\u00e9s Coureurs&nbsp;:&nbsp;corridacg.njuko@laposte.net B\u00e9n\u00e9volat ou tout autres infos&nbsp;:&nbsp;Corrida.orga@laposte.net","og_url":"http:\/\/upac.asso.fr\/corrida\/contact\/","og_site_name":"Corrida","article_modified_time":"2025-11-17T07:59:34+00:00","og_image":[{"width":1200,"height":800,"url":"http:\/\/upac.asso.fr\/corrida\/wp-content\/uploads\/2020\/09\/benevoles.jpg","type":"image\/jpeg"}],"twitter_card":"summary_large_image","twitter_misc":{"Dur\u00e9e de lecture est.":"1 minute"},"schema":{"@context":"https:\/\/schema.org","@graph":[{"@type":"WebSite","@id":"http:\/\/upac.asso.fr\/corrida\/#website","url":"http:\/\/upac.asso.fr\/corrida\/","name":"Corrida","description":"Un site utilisant WordPress","potentialAction":[{"@type":"SearchAction","target":{"@type":"EntryPoint","urlTemplate":"http:\/\/upac.asso.fr\/corrida\/?s={search_term_string}"},"query-input":"required name=search_term_string"}],"inLanguage":"fr-FR"},{"@type":"ImageObject","@id":"http:\/\/upac.asso.fr\/corrida\/contact\/#primaryimage","inLanguage":"fr-FR","url":"http:\/\/upac.asso.fr\/corrida\/wp-content\/uploads\/2020\/09\/benevoles.jpg","contentUrl":"http:\/\/upac.asso.fr\/corrida\/wp-content\/uploads\/2020\/09\/benevoles.jpg","width":1200,"height":800},{"@type":"WebPage","@id":"http:\/\/upac.asso.fr\/corrida\/contact\/#webpage","url":"http:\/\/upac.asso.fr\/corrida\/contact\/","name":"Contact - Corrida","isPartOf":{"@id":"http:\/\/upac.asso.fr\/corrida\/#website"},"primaryImageOfPage":{"@id":"http:\/\/upac.asso.fr\/corrida\/contact\/#primaryimage"},"datePublished":"2020-09-25T09:51:16+00:00","dateModified":"2025-11-17T07:59:34+00:00","breadcrumb":{"@id":"http:\/\/upac.asso.fr\/corrida\/contact\/#breadcrumb"},"inLanguage":"fr-FR","potentialAction":[{"@type":"ReadAction","target":["http:\/\/upac.asso.fr\/corrida\/contact\/"]}]},{"@type":"BreadcrumbList","@id":"http:\/\/upac.asso.fr\/corrida\/contact\/#breadcrumb","itemListElement":[{"@type":"ListItem","position":1,"name":"Accueil","item":"http:\/\/upac.asso.fr\/corrida\/"},{"@type":"ListItem","position":2,"name":"Contact"}]}]}},"_links":{"self":[{"href":"http:\/\/upac.asso.fr\/corrida\/wp-json\/wp\/v2\/pages\/274","targetHints":{"allow":["GET"]}}],"collection":[{"href":"http:\/\/upac.asso.fr\/corrida\/wp-json\/wp\/v2\/pages"}],"about":[{"href":"http:\/\/upac.asso.fr\/corrida\/wp-json\/wp\/v2\/types\/page"}],"author":[{"embeddable":true,"href":"http:\/\/upac.asso.fr\/corrida\/wp-json\/wp\/v2\/users\/1"}],"replies":[{"embeddable":true,"href":"http:\/\/upac.asso.fr\/corrida\/wp-json\/wp\/v2\/comments?post=274"}],"version-history":[{"count":16,"href":"http:\/\/upac.asso.fr\/corrida\/wp-json\/wp\/v2\/pages\/274\/revisions"}],"predecessor-version":[{"id":1561,"href":"http:\/\/upac.asso.fr\/corrida\/wp-json\/wp\/v2\/pages\/274\/revisions\/1561"}],"wp:featuredmedia":[{"embeddable":true,"href":"http:\/\/upac.asso.fr\/corrida\/wp-json\/wp\/v2\/media\/262"}],"wp:attachment":[{"href":"http:\/\/upac.asso.fr\/corrida\/wp-json\/wp\/v2\/media?parent=274"}],"curies":[{"name":"wp","href":"https:\/\/api.w.org\/{rel}","templated":true}]}}