{"id":258,"date":"2020-09-25T10:39:57","date_gmt":"2020-09-25T08:39:57","guid":{"rendered":"http:\/\/upac.asso.fr\/ppcorrida\/?page_id=258"},"modified":"2025-11-17T08:57:50","modified_gmt":"2025-11-17T07:57:50","slug":"benevoles","status":"publish","type":"page","link":"http:\/\/upac.asso.fr\/corrida\/benevoles\/","title":{"rendered":"B\u00e9n\u00e9voles"},"content":{"rendered":"\n<div class=\"wp-block-stackable-image stk-block-image stk-block stk-f28dd96\" data-block-id=\"f28dd96\"><style>.stk-f28dd96 {border-top-left-radius:20px !important;border-top-right-radius:20px !important;border-bottom-right-radius:20px !important;border-bottom-left-radius:20px !important;overflow:hidden !important;margin-bottom:50px !important;}<\/style><figure><span class=\"stk-img-wrapper stk-image--shape-stretch\"><img loading=\"lazy\" decoding=\"async\" class=\"stk-img wp-image-1484\" src=\"http:\/\/upac.asso.fr\/corrida\/wp-content\/uploads\/2025\/10\/SEA9672.jpg\" width=\"1200\" height=\"300\" srcset=\"http:\/\/upac.asso.fr\/corrida\/wp-content\/uploads\/2025\/10\/SEA9672.jpg 1200w, http:\/\/upac.asso.fr\/corrida\/wp-content\/uploads\/2025\/10\/SEA9672-700x175.jpg 700w, http:\/\/upac.asso.fr\/corrida\/wp-content\/uploads\/2025\/10\/SEA9672-768x192.jpg 768w, http:\/\/upac.asso.fr\/corrida\/wp-content\/uploads\/2025\/10\/SEA9672-120x30.jpg 120w\" sizes=\"auto, (max-width: 1200px) 100vw, 1200px\" \/><\/span><\/figure><\/div>\n\n\n\n<div class=\"wp-block-stackable-columns stk-block-columns stk-block stk-73abe61\" data-block-id=\"73abe61\"><div class=\"stk-row stk-inner-blocks stk-block-content stk-content-align stk-73abe61-column\">\n<div class=\"wp-block-stackable-column stk-block-column stk-column stk-block stk-29c052f\" data-v=\"4\" data-block-id=\"29c052f\"><div class=\"stk-column-wrapper stk-block-column__content stk-container stk-29c052f-container stk--no-background stk--no-padding\"><div class=\"stk-block-content stk-inner-blocks stk-29c052f-inner-blocks\">\n<div class=\"wp-block-stackable-heading stk-block-heading stk-block-heading--v2 stk-block stk-fc86170\" id=\"strong-sans-benevole-pas-de-corrida-sans-corrida-pas-d-upac-strong\" data-block-id=\"fc86170\"><style>.stk-fc86170 {margin-bottom:7px !important;}<\/style><h2 class=\"stk-block-heading__text has-text-align-center\"><strong>Sans b\u00e9n\u00e9vole pas de Corrida\u2026sans Corrida pas d\u2019UPAC<\/strong> <\/h2><\/div>\n\n\n\n<div class=\"wp-block-stackable-text stk-block-text stk-block stk-1630c0d\" data-block-id=\"1630c0d\"><p class=\"stk-block-text__text has-text-align-center\"><strong>Merci \u00e0 tous pour votre engagement<\/strong><\/p><\/div>\n<\/div><\/div><\/div>\n<\/div><\/div>\n\n\n\n<div class=\"wp-block-stackable-columns stk-block-columns stk-block stk-401d6b4\" data-block-id=\"401d6b4\"><div class=\"stk-row stk-inner-blocks stk-block-content stk-content-align stk-401d6b4-column\">\n<div class=\"wp-block-stackable-column stk-block-column stk-column stk-block stk-5fd2f50\" data-v=\"4\" data-block-id=\"5fd2f50\"><div class=\"stk-column-wrapper stk-block-column__content stk-container stk-5fd2f50-container stk--no-background stk--no-padding\"><div class=\"stk-block-content stk-inner-blocks stk-5fd2f50-inner-blocks\">\n<p>BENEVOLAT&nbsp;: Les b\u00e9n\u00e9voles sont&nbsp;&nbsp;la cl\u00e9 pour r\u00e9ussir la corrida&nbsp;: 200 \u00e0 250 b\u00e9n\u00e9voles&nbsp;&nbsp;\u00e0 trouver&nbsp;<\/p>\n\n\n\n<p>Sans corrida pas d\u2019upac (essentielle \u00e0 la sant\u00e9 financi\u00e8re du Club)&nbsp;&nbsp;&nbsp;.&nbsp;&nbsp;Nous remercions donc tous les b\u00e9n\u00e9voles&nbsp;&nbsp;pour&nbsp;&nbsp;les heures donn\u00e9es (de quelques heures \u00e0 des centaines d\u2019heures pour les piliers)&nbsp;<\/p>\n\n\n\n<p>Nous recherchons toujours de&nbsp;&nbsp;nouveaux b\u00e9n\u00e9voles (coureurs de l\u2019upac, jeunes parents de l\u2019upac, athl\u00e8tes qui ne courent pas, amis de l\u2019upac, amis des amis etc ) . Ceci pour progressivement remplacer les fid\u00e8les parmi les fid\u00e8les qui officient depuis les premi\u00e8res ann\u00e9es de la corrida (Merci \u00e0 eux, merci \u00e0 tous), mais aussi les indisponibles.<\/p>\n\n\n\n<p>Les principaux postes sont : commissaires parcours, juge en zone d\u00e9part ou arriv\u00e9e, surveillance salle et s\u00e9curit\u00e9 avenue Carnot, buvette, distribution des dossards, divers, et aussi aide aux pr\u00e9paratifs ( qui n\u2019emp\u00eache pas l\u2019aide le jour) .&nbsp;<\/p>\n\n\n\n<p>Pour \u00eatre plus efficace et soulager les \u00ab&nbsp;piliers&nbsp;\u00bb, nous utiliserons l\u2019application Vorg.&nbsp;&nbsp;Un mail explicatif sera envoy\u00e9 d\u00e9but novembre et les 25 chefs d\u2019\u00e9quipes seront l\u00e0 pour vous accueillir&nbsp;&nbsp;et vous accompagner dans l\u2019\u00e9quipe.&nbsp;<\/p>\n\n\n\n<p>Contact\u00a0:\u00a0<a href=\"mailto:Corrida.orga@laposte.net\">Corrida.orga@laposte.net<\/a>\u00a0\u00a0\u00a0<\/p>\n\n\n\n<p>MERCI&nbsp;, MERCI, mille MERCIS&nbsp;<\/p>\n<\/div><\/div><\/div>\n<\/div><\/div>\n\n\n\n<div class=\"wp-block-stackable-button-group stk-block-button-group stk-block stk-1583f95\" data-block-id=\"1583f95\"><style>.stk-1583f95 .stk-button-group{flex-direction:row !important;}@media screen and (max-width: 1023px){.stk-1583f95 .stk-button-group{flex-direction:row !important;}}@media screen and (max-width: 767px){.stk-1583f95 .stk-button-group{flex-direction:row !important;}}<\/style><div class=\"stk-row stk-inner-blocks has-text-align-center stk-block-content stk-button-group\">\n<div class=\"wp-block-stackable-button stk-block-button stk-block stk-d9b2e10\" data-block-id=\"d9b2e10\"><style>.stk-d9b2e10 .stk-button{padding-right:30px !important;padding-left:30px !important;background:#131E41 !important;border-top-left-radius:10px !important;border-top-right-radius:10px !important;border-bottom-right-radius:10px !important;border-bottom-left-radius:10px !important;}.stk-d9b2e10 .stk-button__inner-text{color:#ffffff !important;}<\/style><a class=\"stk-link stk-button stk--hover-effect-darken\" href=\"http:\/\/upac.asso.fr\/corrida\/wp-content\/uploads\/2025\/10\/Charte-du-benevole-.pdf\" target=\"_blank\" rel=\"noreferrer noopener\"><span class=\"stk--svg-wrapper\"><div class=\"stk--inner-svg\"><svg xmlns=\"http:\/\/www.w3.org\/2000\/svg\" viewBox=\"0 0 512 512\" aria-hidden=\"true\" width=\"32\" height=\"32\"><path d=\"M288 32c0-17.7-14.3-32-32-32s-32 14.3-32 32V274.7l-73.4-73.4c-12.5-12.5-32.8-12.5-45.3 0s-12.5 32.8 0 45.3l128 128c12.5 12.5 32.8 12.5 45.3 0l128-128c12.5-12.5 12.5-32.8 0-45.3s-32.8-12.5-45.3 0L288 274.7V32zM64 352c-35.3 0-64 28.7-64 64v32c0 35.3 28.7 64 64 64H448c35.3 0 64-28.7 64-64V416c0-35.3-28.7-64-64-64H346.5l-45.3 45.3c-25 25-65.5 25-90.5 0L165.5 352H64zm368 56a24 24 0 1 1 0 48 24 24 0 1 1 0-48z\"><\/path><\/svg><\/div><\/span><span class=\"has-text-color stk-button__inner-text\">CHARTE DU B\u00c9N\u00c9VOLE<\/span><\/a><\/div>\n<\/div><\/div>\n\n\n\n<div style=\"height:50px\" aria-hidden=\"true\" class=\"wp-block-spacer\"><\/div>\n\n\n<div id=\"partenaires4-block_60f52a84f5b91\" class=\"partenaires4\">\n      <div class=\"titre\">\n      <h2>Partenaires bronze<\/h2>\n      <hr \/>\n    <\/div>\n    <div class=\"logos row justify-content-center text-center align-items-center\">\n          <a href=\"\" target=\"_blank\" class=\"col text-center\">\n        <img loading=\"lazy\" decoding=\"async\" width=\"641\" height=\"353\" src=\"http:\/\/upac.asso.fr\/corrida\/wp-content\/uploads\/2021\/07\/LOGO-MAISON-HIRON.jpg\" class=\"attachment-full size-full\" alt=\"\" srcset=\"http:\/\/upac.asso.fr\/corrida\/wp-content\/uploads\/2021\/07\/LOGO-MAISON-HIRON.jpg 641w, http:\/\/upac.asso.fr\/corrida\/wp-content\/uploads\/2021\/07\/LOGO-MAISON-HIRON-120x66.jpg 120w\" sizes=\"auto, (max-width: 641px) 100vw, 641px\" \/>      <\/a>\n            <a href=\"\" target=\"_blank\" class=\"col text-center\">\n        <img loading=\"lazy\" decoding=\"async\" width=\"400\" height=\"258\" src=\"http:\/\/upac.asso.fr\/corrida\/wp-content\/uploads\/2021\/07\/logo-gadouas.jpg\" class=\"attachment-full size-full\" alt=\"\" srcset=\"http:\/\/upac.asso.fr\/corrida\/wp-content\/uploads\/2021\/07\/logo-gadouas.jpg 400w, http:\/\/upac.asso.fr\/corrida\/wp-content\/uploads\/2021\/07\/logo-gadouas-120x77.jpg 120w\" sizes=\"auto, (max-width: 400px) 100vw, 400px\" \/>      <\/a>\n            <a href=\"https:\/\/mayenne.transdev-paysdelaloire.com\/\" target=\"_blank\" class=\"col text-center\">\n        <img loading=\"lazy\" decoding=\"async\" width=\"400\" height=\"304\" src=\"http:\/\/upac.asso.fr\/corrida\/wp-content\/uploads\/2021\/07\/pubQ_STAO.jpg\" class=\"attachment-full size-full\" alt=\"\" srcset=\"http:\/\/upac.asso.fr\/corrida\/wp-content\/uploads\/2021\/07\/pubQ_STAO.jpg 400w, http:\/\/upac.asso.fr\/corrida\/wp-content\/uploads\/2021\/07\/pubQ_STAO-120x91.jpg 120w\" sizes=\"auto, (max-width: 400px) 100vw, 400px\" \/>      <\/a>\n            <a href=\"https:\/\/www.generali.fr\/agence\/chateau-gontier\/pays-de-la-loire\/assurance\/qui-sommes-nous\" target=\"_blank\" class=\"col text-center\">\n        <img loading=\"lazy\" decoding=\"async\" width=\"200\" height=\"125\" src=\"http:\/\/upac.asso.fr\/corrida\/wp-content\/uploads\/2021\/07\/lamy.jpg\" class=\"attachment-full size-full\" alt=\"\" srcset=\"http:\/\/upac.asso.fr\/corrida\/wp-content\/uploads\/2021\/07\/lamy.jpg 200w, http:\/\/upac.asso.fr\/corrida\/wp-content\/uploads\/2021\/07\/lamy-120x75.jpg 120w\" sizes=\"auto, (max-width: 200px) 100vw, 200px\" \/>      <\/a>\n            <a href=\"\" target=\"_blank\" class=\"col text-center\">\n        <img loading=\"lazy\" decoding=\"async\" width=\"300\" height=\"213\" src=\"http:\/\/upac.asso.fr\/corrida\/wp-content\/uploads\/2021\/07\/logo-theodore.jpg\" class=\"attachment-full size-full\" alt=\"\" srcset=\"http:\/\/upac.asso.fr\/corrida\/wp-content\/uploads\/2021\/07\/logo-theodore.jpg 300w, http:\/\/upac.asso.fr\/corrida\/wp-content\/uploads\/2021\/07\/logo-theodore-120x85.jpg 120w\" sizes=\"auto, (max-width: 300px) 100vw, 300px\" \/>      <\/a>\n        <\/div>\n\n\n\n<div style=\"height:50px\" aria-hidden=\"true\" class=\"wp-block-spacer\"><\/div>\n","protected":false},"excerpt":{"rendered":"Sans b\u00e9n\u00e9vole pas de Corrida\u2026sans Corrida pas d\u2019UPAC Merci \u00e0 tous pour votre engagement BENEVOLAT&nbsp;: Les b\u00e9n\u00e9voles sont&nbsp;&nbsp;la cl\u00e9 pour r\u00e9ussir la corrida&nbsp;: 200 \u00e0 250 b\u00e9n\u00e9voles&nbsp;&nbsp;\u00e0 trouver&nbsp; Sans corrida pas d\u2019upac (essentielle \u00e0 la sant\u00e9 financi\u00e8re du Club)&nbsp;&nbsp;&nbsp;.&nbsp;&nbsp;Nous remercions donc tous les b\u00e9n\u00e9voles&nbsp;&nbsp;pour&nbsp;&nbsp;les heures donn\u00e9es (de quelques heures \u00e0 des centaines d\u2019heures pour les&#8230;","protected":false},"author":1,"featured_media":0,"parent":0,"menu_order":10,"comment_status":"closed","ping_status":"closed","template":"","meta":{"footnotes":""},"class_list":["post-258","page","type-page","status-publish","hentry"],"yoast_head":"<!-- This site is optimized with the Yoast SEO plugin v17.4 - https:\/\/yoast.com\/wordpress\/plugins\/seo\/ -->\n<meta name=\"description\" content=\"Les b\u00e9n\u00e9voles constituent le nerf de la guerre. Avec vigipirate, les contraintes du label, les r\u00f4les \u00e0 tenir, maintenant la covid, il est n\u00e9cessaire d\u2019avoir pr\u00e8s de 250 b\u00e9n\u00e9voles pour assurer le bon fonctionnement de cette manifestation.\" \/>\n<meta name=\"robots\" content=\"index, follow, max-snippet:-1, max-image-preview:large, max-video-preview:-1\" \/>\n<link rel=\"canonical\" href=\"http:\/\/upac.asso.fr\/corrida\/benevoles\/\" \/>\n<meta property=\"og:locale\" content=\"fr_FR\" \/>\n<meta property=\"og:type\" content=\"article\" \/>\n<meta property=\"og:title\" content=\"B\u00e9n\u00e9voles - Corrida Ch\u00e2teau-Gontier\" \/>\n<meta property=\"og:description\" content=\"Les b\u00e9n\u00e9voles constituent le nerf de la guerre. Avec vigipirate, les contraintes du label, les r\u00f4les \u00e0 tenir, maintenant la covid, il est n\u00e9cessaire d\u2019avoir pr\u00e8s de 250 b\u00e9n\u00e9voles pour assurer le bon fonctionnement de cette manifestation.\" \/>\n<meta property=\"og:url\" content=\"http:\/\/upac.asso.fr\/corrida\/benevoles\/\" \/>\n<meta property=\"og:site_name\" content=\"Corrida\" \/>\n<meta property=\"article:modified_time\" content=\"2025-11-17T07:57:50+00:00\" \/>\n<meta property=\"og:image\" content=\"http:\/\/upac.asso.fr\/corrida\/wp-content\/uploads\/2025\/10\/SEA9672.jpg\" \/>\n<meta name=\"twitter:card\" content=\"summary_large_image\" \/>\n<meta name=\"twitter:label1\" content=\"Dur\u00e9e de lecture est.\" \/>\n\t<meta name=\"twitter:data1\" content=\"2 minutes\" \/>\n<script type=\"application\/ld+json\" class=\"yoast-schema-graph\">{\"@context\":\"https:\/\/schema.org\",\"@graph\":[{\"@type\":\"WebSite\",\"@id\":\"http:\/\/upac.asso.fr\/corrida\/#website\",\"url\":\"http:\/\/upac.asso.fr\/corrida\/\",\"name\":\"Corrida\",\"description\":\"Un site utilisant WordPress\",\"potentialAction\":[{\"@type\":\"SearchAction\",\"target\":{\"@type\":\"EntryPoint\",\"urlTemplate\":\"http:\/\/upac.asso.fr\/corrida\/?s={search_term_string}\"},\"query-input\":\"required name=search_term_string\"}],\"inLanguage\":\"fr-FR\"},{\"@type\":\"ImageObject\",\"@id\":\"http:\/\/upac.asso.fr\/corrida\/benevoles\/#primaryimage\",\"inLanguage\":\"fr-FR\",\"url\":\"http:\/\/upac.asso.fr\/corrida\/wp-content\/uploads\/2025\/10\/SEA9672.jpg\",\"contentUrl\":\"http:\/\/upac.asso.fr\/corrida\/wp-content\/uploads\/2025\/10\/SEA9672.jpg\",\"width\":1200,\"height\":300},{\"@type\":\"WebPage\",\"@id\":\"http:\/\/upac.asso.fr\/corrida\/benevoles\/#webpage\",\"url\":\"http:\/\/upac.asso.fr\/corrida\/benevoles\/\",\"name\":\"B\\u00e9n\\u00e9voles - Corrida Ch\\u00e2teau-Gontier\",\"isPartOf\":{\"@id\":\"http:\/\/upac.asso.fr\/corrida\/#website\"},\"primaryImageOfPage\":{\"@id\":\"http:\/\/upac.asso.fr\/corrida\/benevoles\/#primaryimage\"},\"datePublished\":\"2020-09-25T08:39:57+00:00\",\"dateModified\":\"2025-11-17T07:57:50+00:00\",\"description\":\"Les b\\u00e9n\\u00e9voles constituent le nerf de la guerre. Avec vigipirate, les contraintes du label, les r\\u00f4les \\u00e0 tenir, maintenant la covid, il est n\\u00e9cessaire d\\u2019avoir pr\\u00e8s de 250 b\\u00e9n\\u00e9voles pour assurer le bon fonctionnement de cette manifestation.\",\"breadcrumb\":{\"@id\":\"http:\/\/upac.asso.fr\/corrida\/benevoles\/#breadcrumb\"},\"inLanguage\":\"fr-FR\",\"potentialAction\":[{\"@type\":\"ReadAction\",\"target\":[\"http:\/\/upac.asso.fr\/corrida\/benevoles\/\"]}]},{\"@type\":\"BreadcrumbList\",\"@id\":\"http:\/\/upac.asso.fr\/corrida\/benevoles\/#breadcrumb\",\"itemListElement\":[{\"@type\":\"ListItem\",\"position\":1,\"name\":\"Accueil\",\"item\":\"http:\/\/upac.asso.fr\/corrida\/\"},{\"@type\":\"ListItem\",\"position\":2,\"name\":\"B\\u00e9n\\u00e9voles\"}]}]}<\/script>\n<!-- \/ Yoast SEO plugin. -->","yoast_head_json":{"description":"Les b\u00e9n\u00e9voles constituent le nerf de la guerre. Avec vigipirate, les contraintes du label, les r\u00f4les \u00e0 tenir, maintenant la covid, il est n\u00e9cessaire d\u2019avoir pr\u00e8s de 250 b\u00e9n\u00e9voles pour assurer le bon fonctionnement de cette manifestation.","robots":{"index":"index","follow":"follow","max-snippet":"max-snippet:-1","max-image-preview":"max-image-preview:large","max-video-preview":"max-video-preview:-1"},"canonical":"http:\/\/upac.asso.fr\/corrida\/benevoles\/","og_locale":"fr_FR","og_type":"article","og_title":"B\u00e9n\u00e9voles - Corrida Ch\u00e2teau-Gontier","og_description":"Les b\u00e9n\u00e9voles constituent le nerf de la guerre. Avec vigipirate, les contraintes du label, les r\u00f4les \u00e0 tenir, maintenant la covid, il est n\u00e9cessaire d\u2019avoir pr\u00e8s de 250 b\u00e9n\u00e9voles pour assurer le bon fonctionnement de cette manifestation.","og_url":"http:\/\/upac.asso.fr\/corrida\/benevoles\/","og_site_name":"Corrida","article_modified_time":"2025-11-17T07:57:50+00:00","og_image":[{"url":"http:\/\/upac.asso.fr\/corrida\/wp-content\/uploads\/2025\/10\/SEA9672.jpg"}],"twitter_card":"summary_large_image","twitter_misc":{"Dur\u00e9e de lecture est.":"2 minutes"},"schema":{"@context":"https:\/\/schema.org","@graph":[{"@type":"WebSite","@id":"http:\/\/upac.asso.fr\/corrida\/#website","url":"http:\/\/upac.asso.fr\/corrida\/","name":"Corrida","description":"Un site utilisant WordPress","potentialAction":[{"@type":"SearchAction","target":{"@type":"EntryPoint","urlTemplate":"http:\/\/upac.asso.fr\/corrida\/?s={search_term_string}"},"query-input":"required name=search_term_string"}],"inLanguage":"fr-FR"},{"@type":"ImageObject","@id":"http:\/\/upac.asso.fr\/corrida\/benevoles\/#primaryimage","inLanguage":"fr-FR","url":"http:\/\/upac.asso.fr\/corrida\/wp-content\/uploads\/2025\/10\/SEA9672.jpg","contentUrl":"http:\/\/upac.asso.fr\/corrida\/wp-content\/uploads\/2025\/10\/SEA9672.jpg","width":1200,"height":300},{"@type":"WebPage","@id":"http:\/\/upac.asso.fr\/corrida\/benevoles\/#webpage","url":"http:\/\/upac.asso.fr\/corrida\/benevoles\/","name":"B\u00e9n\u00e9voles - Corrida Ch\u00e2teau-Gontier","isPartOf":{"@id":"http:\/\/upac.asso.fr\/corrida\/#website"},"primaryImageOfPage":{"@id":"http:\/\/upac.asso.fr\/corrida\/benevoles\/#primaryimage"},"datePublished":"2020-09-25T08:39:57+00:00","dateModified":"2025-11-17T07:57:50+00:00","description":"Les b\u00e9n\u00e9voles constituent le nerf de la guerre. Avec vigipirate, les contraintes du label, les r\u00f4les \u00e0 tenir, maintenant la covid, il est n\u00e9cessaire d\u2019avoir pr\u00e8s de 250 b\u00e9n\u00e9voles pour assurer le bon fonctionnement de cette manifestation.","breadcrumb":{"@id":"http:\/\/upac.asso.fr\/corrida\/benevoles\/#breadcrumb"},"inLanguage":"fr-FR","potentialAction":[{"@type":"ReadAction","target":["http:\/\/upac.asso.fr\/corrida\/benevoles\/"]}]},{"@type":"BreadcrumbList","@id":"http:\/\/upac.asso.fr\/corrida\/benevoles\/#breadcrumb","itemListElement":[{"@type":"ListItem","position":1,"name":"Accueil","item":"http:\/\/upac.asso.fr\/corrida\/"},{"@type":"ListItem","position":2,"name":"B\u00e9n\u00e9voles"}]}]}},"_links":{"self":[{"href":"http:\/\/upac.asso.fr\/corrida\/wp-json\/wp\/v2\/pages\/258","targetHints":{"allow":["GET"]}}],"collection":[{"href":"http:\/\/upac.asso.fr\/corrida\/wp-json\/wp\/v2\/pages"}],"about":[{"href":"http:\/\/upac.asso.fr\/corrida\/wp-json\/wp\/v2\/types\/page"}],"author":[{"embeddable":true,"href":"http:\/\/upac.asso.fr\/corrida\/wp-json\/wp\/v2\/users\/1"}],"replies":[{"embeddable":true,"href":"http:\/\/upac.asso.fr\/corrida\/wp-json\/wp\/v2\/comments?post=258"}],"version-history":[{"count":47,"href":"http:\/\/upac.asso.fr\/corrida\/wp-json\/wp\/v2\/pages\/258\/revisions"}],"predecessor-version":[{"id":1558,"href":"http:\/\/upac.asso.fr\/corrida\/wp-json\/wp\/v2\/pages\/258\/revisions\/1558"}],"wp:attachment":[{"href":"http:\/\/upac.asso.fr\/corrida\/wp-json\/wp\/v2\/media?parent=258"}],"curies":[{"name":"wp","href":"https:\/\/api.w.org\/{rel}","templated":true}]}}