{"id":230,"date":"2020-09-25T09:26:31","date_gmt":"2020-09-25T07:26:31","guid":{"rendered":"http:\/\/upac.asso.fr\/ppcorrida\/?page_id=230"},"modified":"2025-12-17T15:52:00","modified_gmt":"2025-12-17T14:52:00","slug":"endurance","status":"publish","type":"page","link":"http:\/\/upac.asso.fr\/corrida\/endurance\/","title":{"rendered":"Endurance jeunes"},"content":{"rendered":"\n<div class=\"wp-block-stackable-image stk-block-image stk-block stk-f28dd96\" data-block-id=\"f28dd96\"><style>.stk-f28dd96 {border-top-left-radius:20px !important;border-top-right-radius:20px !important;border-bottom-right-radius:20px !important;border-bottom-left-radius:20px !important;overflow:hidden !important;}<\/style><figure><span class=\"stk-img-wrapper stk-image--shape-stretch\"><img loading=\"lazy\" decoding=\"async\" class=\"stk-img wp-image-382\" src=\"http:\/\/upac.asso.fr\/corrida\/wp-content\/uploads\/2021\/07\/endurance.jpg\" width=\"1600\" height=\"300\" srcset=\"http:\/\/upac.asso.fr\/corrida\/wp-content\/uploads\/2021\/07\/endurance.jpg 1600w, http:\/\/upac.asso.fr\/corrida\/wp-content\/uploads\/2021\/07\/endurance-700x131.jpg 700w, http:\/\/upac.asso.fr\/corrida\/wp-content\/uploads\/2021\/07\/endurance-768x144.jpg 768w, http:\/\/upac.asso.fr\/corrida\/wp-content\/uploads\/2021\/07\/endurance-1536x288.jpg 1536w, http:\/\/upac.asso.fr\/corrida\/wp-content\/uploads\/2021\/07\/endurance-120x23.jpg 120w\" sizes=\"auto, (max-width: 1600px) 100vw, 1600px\" \/><\/span><\/figure><\/div>\n\n\n\n<div class=\"wp-block-stackable-text stk-block-text stk-block stk-8f5dee7\" data-block-id=\"8f5dee7\"><p class=\"stk-block-text__text has-text-align-center\">\u00c9preuve traditionnelle de notre \u00e9v\u00e8nement, l\u2019endurance pour les plus jeunes perdure dans un esprit familiale et festif.<\/p><\/div>\n\n\n<div class=\"wp-block-image\">\n<figure class=\"aligncenter size-large\"><img loading=\"lazy\" decoding=\"async\" width=\"700\" height=\"140\" src=\"https:\/\/upac.asso.fr\/corrida\/wp-content\/uploads\/2025\/12\/Endurance-jeunes-700x140.jpg\" alt=\"\" class=\"wp-image-1567\" srcset=\"http:\/\/upac.asso.fr\/corrida\/wp-content\/uploads\/2025\/12\/Endurance-jeunes-700x140.jpg 700w, http:\/\/upac.asso.fr\/corrida\/wp-content\/uploads\/2025\/12\/Endurance-jeunes-768x153.jpg 768w, http:\/\/upac.asso.fr\/corrida\/wp-content\/uploads\/2025\/12\/Endurance-jeunes-120x24.jpg 120w, http:\/\/upac.asso.fr\/corrida\/wp-content\/uploads\/2025\/12\/Endurance-jeunes.jpg 1414w\" sizes=\"auto, (max-width: 700px) 100vw, 700px\" \/><\/figure><\/div>\n\n\n<div style=\"height:20px\" aria-hidden=\"true\" class=\"wp-block-spacer\"><\/div>\n\n\n\n<div class=\"wp-block-stackable-columns stk-block-columns stk-block stk-ba93659\" data-block-id=\"ba93659\"><style>.stk-ba93659 .stk--block-align-ba93659{align-items:stretch !important;}.stk-ba93659-column{--stk-column-gap:40px !important;row-gap:40px !important;}<\/style><div class=\"stk-row stk-inner-blocks stk--block-align-ba93659 stk-block-content stk-content-align stk-ba93659-column\">\n<div class=\"wp-block-stackable-column stk-block-column stk-column stk-block stk-f5a7517 stk-block-background\" data-v=\"4\" data-block-id=\"f5a7517\"><style>.stk-f5a7517 {background-color:#2854F2 !important;border-top-left-radius:10px !important;border-top-right-radius:10px !important;border-bottom-right-radius:10px !important;border-bottom-left-radius:10px !important;overflow:hidden !important;}.stk-f5a7517:before{background-color:#2854F2 !important;}<\/style><div class=\"stk-column-wrapper stk-block-column__content stk-container stk-f5a7517-container stk--no-background stk--no-padding\"><div class=\"stk-block-content stk-inner-blocks stk-f5a7517-inner-blocks\">\n<div class=\"wp-block-stackable-subtitle stk-block-subtitle stk-block stk-27ef241\" data-block-id=\"27ef241\"><style>.stk-27ef241 {margin-bottom:11px !important;}.stk-27ef241 .stk-block-subtitle__text{color:#ffffff !important;}<\/style><p class=\"stk-block-subtitle__text stk-subtitle has-text-color has-text-align-center\">Date et heures et lieu d\u00e9part<\/p><\/div>\n\n\n\n<div class=\"wp-block-stackable-heading stk-block-heading stk-block-heading--v2 stk-block stk-527c5d5\" id=\"28-decembre-2025-a-13-h-00-br-depart-avenue-carnot\" data-block-id=\"527c5d5\"><style>.stk-527c5d5 {overflow:hidden !important;}.stk-527c5d5 .stk-block-heading__text{color:#ffffff !important;}<\/style><h3 class=\"stk-block-heading__text has-text-color has-text-align-center\">28 d\u00e9cembre 2025 \u00e0 13h00, <br>d\u00e9part Avenue Carnot<\/h3><\/div>\n<\/div><\/div><\/div>\n\n\n\n<div class=\"wp-block-stackable-column stk-block-column stk-column stk-block stk-7eb2ad4 stk-block-background\" data-v=\"4\" data-block-id=\"7eb2ad4\"><style>.stk-7eb2ad4 {background-color:#131E41 !important;border-top-left-radius:10px !important;border-top-right-radius:10px !important;border-bottom-right-radius:10px !important;border-bottom-left-radius:10px !important;overflow:hidden !important;}.stk-7eb2ad4:before{background-color:#131E41 !important;}<\/style><div class=\"stk-column-wrapper stk-block-column__content stk-container stk-7eb2ad4-container stk--no-background stk--no-padding\"><div class=\"stk-block-content stk-inner-blocks stk-7eb2ad4-inner-blocks\">\n<div class=\"wp-block-stackable-subtitle stk-block-subtitle stk-block stk-d836c7f\" data-block-id=\"d836c7f\"><style>.stk-d836c7f {margin-bottom:11px !important;}.stk-d836c7f .stk-block-subtitle__text{color:#ffffff !important;}<\/style><p class=\"stk-block-subtitle__text stk-subtitle has-text-color has-text-align-center\">Tarif<\/p><\/div>\n\n\n\n<div class=\"wp-block-stackable-heading stk-block-heading stk-block-heading--v2 stk-block stk-15d8736\" id=\"gratuit\" data-block-id=\"15d8736\"><style>.stk-15d8736 {overflow:hidden !important;margin-bottom:9px !important;}.stk-15d8736 .stk-block-heading__text{color:#ffffff !important;}<\/style><h3 class=\"stk-block-heading__text has-text-color has-text-align-center\">gratuit<\/h3><\/div>\n<\/div><\/div><\/div>\n\n\n\n<div class=\"wp-block-stackable-column stk-block-column stk-column stk-block stk-8eeed54 stk-block-background\" data-v=\"4\" data-block-id=\"8eeed54\"><style>.stk-8eeed54 {background-color:#E5E5E5 !important;border-top-left-radius:10px !important;border-top-right-radius:10px !important;border-bottom-right-radius:10px !important;border-bottom-left-radius:10px !important;overflow:hidden !important;}.stk-8eeed54:before{background-color:#E5E5E5 !important;}<\/style><div class=\"stk-column-wrapper stk-block-column__content stk-container stk-8eeed54-container stk--no-background stk--no-padding\"><div class=\"stk-block-content stk-inner-blocks stk-8eeed54-inner-blocks\">\n<div class=\"wp-block-stackable-subtitle stk-block-subtitle stk-block stk-3ca0e97\" data-block-id=\"3ca0e97\"><style>.stk-3ca0e97 {margin-bottom:11px !important;}.stk-3ca0e97 .stk-block-subtitle__text{color:#131E41 !important;}<\/style><p class=\"stk-block-subtitle__text stk-subtitle has-text-color has-text-align-center\">Inscriptions<\/p><\/div>\n\n\n\n<div class=\"wp-block-stackable-heading stk-block-heading stk-block-heading--v2 stk-block stk-cb540fa\" id=\"directement-sur-place-a-partir-de-12-h-00\" data-block-id=\"cb540fa\"><style>.stk-cb540fa {overflow:hidden !important;margin-bottom:9px !important;}.stk-cb540fa .stk-block-heading__text{color:#131E41 !important;}<\/style><h3 class=\"stk-block-heading__text has-text-color has-text-align-center\">Directement sur place \u00e0 partir de 12h00<\/h3><\/div>\n\n\n\n<div class=\"wp-block-stackable-subtitle stk-block-subtitle stk-block stk-9e84615\" data-block-id=\"9e84615\"><style>.stk-9e84615 {margin-bottom:11px !important;}.stk-9e84615 .stk-block-subtitle__text{color:#131E41 !important;line-height:1.2em !important;}<\/style><p class=\"stk-block-subtitle__text stk-subtitle has-text-color has-text-align-center\">Pas d\u2019inscription en ligne<\/p><\/div>\n<\/div><\/div><\/div>\n<\/div><\/div>\n\n\n\n<div class=\"wp-block-stackable-columns stk-block-columns stk-block stk-a0325d1\" data-block-id=\"a0325d1\"><style>.stk-a0325d1 .stk--block-align-a0325d1{align-items:stretch !important;}.stk-a0325d1-column{--stk-column-gap:40px !important;row-gap:40px !important;}<\/style><div class=\"stk-row stk-inner-blocks stk--block-align-a0325d1 stk-block-content stk-content-align stk-a0325d1-column\">\n<div class=\"wp-block-stackable-column stk-block-column stk-column stk-block stk-dd8dc76 stk-block-background\" data-v=\"4\" data-block-id=\"dd8dc76\"><style>.stk-dd8dc76 {background-color:#022ABD !important;border-top-left-radius:10px !important;border-top-right-radius:10px !important;border-bottom-right-radius:10px !important;border-bottom-left-radius:10px !important;overflow:hidden !important;}.stk-dd8dc76:before{background-color:#022ABD !important;}<\/style><div class=\"stk-column-wrapper stk-block-column__content stk-container stk-dd8dc76-container stk--no-background stk--no-padding\"><div class=\"stk-block-content stk-inner-blocks stk-dd8dc76-inner-blocks\">\n<div class=\"wp-block-stackable-subtitle stk-block-subtitle stk-block stk-4ab6f50\" data-block-id=\"4ab6f50\"><style>.stk-4ab6f50 {margin-bottom:11px !important;}.stk-4ab6f50 .stk-block-subtitle__text{color:#ffffff !important;}<\/style><p class=\"stk-block-subtitle__text stk-subtitle has-text-color has-text-align-center\">Parcours<\/p><\/div>\n\n\n\n<div class=\"wp-block-stackable-button-group stk-block-button-group stk-block stk-4593123\" data-block-id=\"4593123\"><style>.stk-4593123 .stk-button-group{flex-direction:row !important;}@media screen and (max-width: 1023px){.stk-4593123 .stk-button-group{flex-direction:row !important;}}@media screen and (max-width: 767px){.stk-4593123 .stk-button-group{flex-direction:row !important;}}<\/style><div class=\"stk-row stk-inner-blocks has-text-align-center stk-block-content stk-button-group\">\n<div class=\"wp-block-stackable-icon-button stk-block-icon-button stk-block stk-014b7ee\" data-block-id=\"014b7ee\"><style>.stk-014b7ee .stk-button{padding-top:20px !important;padding-right:20px !important;padding-bottom:20px !important;padding-left:20px !important;background:#022ABD !important;}.stk-014b7ee .stk-button .stk--inner-svg svg:last-child{height:70px !important;width:70px !important;}<\/style><a class=\"stk-link stk-button stk--hover-effect-darken\" href=\"http:\/\/upac.asso.fr\/corrida\/wp-content\/uploads\/2025\/10\/Copie-de-coureurs-upac.png\" target=\"_blank\" rel=\"noreferrer noopener\"><span class=\"stk--svg-wrapper\"><div class=\"stk--inner-svg\"><svg class=\"ugb-custom-icon\" xmlns=\"http:\/\/www.w3.org\/2000\/svg\" viewBox=\"0 0 63.968 60.254\" aria-hidden=\"true\" width=\"32\" height=\"32\"><g transform=\"translate(3358.849 311.977)\"><rect width=\"4.534\" height=\"4.534\" transform=\"translate(-3308.484 -311.977)\" fill=\"#fff\"><\/rect><rect width=\"4.534\" height=\"4.534\" transform=\"translate(-3299.416 -311.977)\" fill=\"#fff\"><\/rect><rect width=\"4.534\" height=\"4.534\" transform=\"translate(-3313.019 -307.442)\" fill=\"#fff\"><\/rect><rect width=\"4.534\" height=\"4.534\" transform=\"translate(-3303.95 -307.442)\" fill=\"#fff\"><\/rect><rect width=\"4.534\" height=\"4.534\" transform=\"translate(-3308.484 -302.908)\" fill=\"#fff\"><\/rect><rect width=\"4.534\" height=\"4.534\" transform=\"translate(-3299.416 -302.908)\" fill=\"#fff\"><\/rect><rect width=\"4.534\" height=\"4.534\" transform=\"translate(-3313.019 -298.373)\" fill=\"#fff\"><\/rect><rect width=\"4.534\" height=\"4.534\" transform=\"translate(-3303.95 -298.373)\" fill=\"#fff\"><\/rect><rect width=\"4.534\" height=\"4.534\" transform=\"translate(-3308.484 -293.768)\" fill=\"#fff\"><\/rect><rect width=\"4.534\" height=\"4.534\" transform=\"translate(-3299.416 -293.768)\" fill=\"#fff\"><\/rect><rect width=\"4.534\" height=\"4.534\" transform=\"translate(-3303.95 -289.233)\" fill=\"#fff\"><\/rect><path d=\"M-3313,949.115h-35.963a9.833,9.833,0,0,0-3.851.778,9.859,9.859,0,0,0-3.143,2.119,9.852,9.852,0,0,0-2.118,3.143,9.83,9.83,0,0,0-.778,3.85,9.723,9.723,0,0,0,.77,3.809,9.747,9.747,0,0,0,2.1,3.11,9.753,9.753,0,0,0,3.109,2.1,9.728,9.728,0,0,0,3.81.77h44.292a5.248,5.248,0,0,1,3.735,1.547,5.247,5.247,0,0,1,1.547,3.735,5.4,5.4,0,0,1-1.592,3.844,5.4,5.4,0,0,1-3.844,1.592h-43.714a4.859,4.859,0,0,0-4.3-2.6,4.859,4.859,0,0,0-4.859,4.859,4.859,4.859,0,0,0,4.859,4.859,4.859,4.859,0,0,0,4.3-2.6h43.714a9.9,9.9,0,0,0,3.878-.784,9.923,9.923,0,0,0,3.166-2.134,9.926,9.926,0,0,0,2.134-3.166,9.9,9.9,0,0,0,.784-3.878,9.747,9.747,0,0,0-.772-3.819,9.77,9.77,0,0,0-2.1-3.117,9.775,9.775,0,0,0-3.117-2.1,9.749,9.749,0,0,0-3.818-.772h-44.292a5.225,5.225,0,0,1-3.719-1.54,5.225,5.225,0,0,1-1.541-3.719,5.329,5.329,0,0,1,1.571-3.793,5.33,5.33,0,0,1,3.793-1.571h35.94v.014h4.534V949.12H-3313Z\" transform=\"translate(0 -1238.354)\" fill=\"#fff\"><\/path><\/g><\/svg><\/div><\/span><\/a><\/div>\n<\/div><\/div>\n<\/div><\/div><\/div>\n\n\n\n<div class=\"wp-block-stackable-column stk-block-column stk-column stk-block stk-d36e57e stk-block-background\" data-v=\"4\" data-block-id=\"d36e57e\"><style>.stk-d36e57e {background-color:#131E41 !important;border-top-left-radius:10px !important;border-top-right-radius:10px !important;border-bottom-right-radius:10px !important;border-bottom-left-radius:10px !important;overflow:hidden !important;}.stk-d36e57e:before{background-color:#131E41 !important;}<\/style><div class=\"stk-column-wrapper stk-block-column__content stk-container stk-d36e57e-container stk--no-background stk--no-padding\"><div class=\"stk-block-content stk-inner-blocks stk-d36e57e-inner-blocks\">\n<div class=\"wp-block-stackable-subtitle stk-block-subtitle stk-block stk-8556204\" data-block-id=\"8556204\"><style>.stk-8556204 {margin-bottom:11px !important;}.stk-8556204 .stk-block-subtitle__text{color:#ffffff !important;}<\/style><p class=\"stk-block-subtitle__text stk-subtitle has-text-color has-text-align-center\">T\u00e9l\u00e9chargement<\/p><\/div>\n\n\n\n<div class=\"wp-block-stackable-heading stk-block-heading stk-block-heading--v2 stk-block stk-830a7a3\" id=\"questionna\" data-block-id=\"830a7a3\"><style>.stk-830a7a3 {overflow:hidden !important;margin-bottom:9px !important;}.stk-830a7a3 .stk-block-heading__text{color:#ffffff !important;}<\/style><h3 class=\"stk-block-heading__text has-text-color has-text-align-center\">Questionnaire Sant\u00e9<\/h3><\/div>\n<\/div><a class=\"stk-link stk-block-link stk--transparent-overlay\" href=\"http:\/\/upac.asso.fr\/corrida\/wp-content\/uploads\/2025\/12\/questionnairesante_mqgnicr0ps.pdf\" aria-hidden=\"true\" tabindex=\"-1\" target=\"_blank\" rel=\"noreferrer noopener\"><\/a><\/div><\/div>\n<\/div><\/div>\n\n\n\n<div style=\"height:30px\" aria-hidden=\"true\" class=\"wp-block-spacer\"><\/div>\n\n\n<div id=\"partenaires4-block_60f52a84f5b91\" class=\"partenaires4\">\n      <div class=\"titre\">\n      <h2>Partenaires bronze<\/h2>\n      <hr \/>\n    <\/div>\n    <div class=\"logos row justify-content-center text-center align-items-center\">\n          <a href=\"\" target=\"_blank\" class=\"col text-center\">\n        <img loading=\"lazy\" decoding=\"async\" width=\"641\" height=\"353\" src=\"http:\/\/upac.asso.fr\/corrida\/wp-content\/uploads\/2021\/07\/LOGO-MAISON-HIRON.jpg\" class=\"attachment-full size-full\" alt=\"\" srcset=\"http:\/\/upac.asso.fr\/corrida\/wp-content\/uploads\/2021\/07\/LOGO-MAISON-HIRON.jpg 641w, http:\/\/upac.asso.fr\/corrida\/wp-content\/uploads\/2021\/07\/LOGO-MAISON-HIRON-120x66.jpg 120w\" sizes=\"auto, (max-width: 641px) 100vw, 641px\" \/>      <\/a>\n            <a href=\"\" target=\"_blank\" class=\"col text-center\">\n        <img loading=\"lazy\" decoding=\"async\" width=\"400\" height=\"258\" src=\"http:\/\/upac.asso.fr\/corrida\/wp-content\/uploads\/2021\/07\/logo-gadouas.jpg\" class=\"attachment-full size-full\" alt=\"\" srcset=\"http:\/\/upac.asso.fr\/corrida\/wp-content\/uploads\/2021\/07\/logo-gadouas.jpg 400w, http:\/\/upac.asso.fr\/corrida\/wp-content\/uploads\/2021\/07\/logo-gadouas-120x77.jpg 120w\" sizes=\"auto, (max-width: 400px) 100vw, 400px\" \/>      <\/a>\n            <a href=\"https:\/\/mayenne.transdev-paysdelaloire.com\/\" target=\"_blank\" class=\"col text-center\">\n        <img loading=\"lazy\" decoding=\"async\" width=\"400\" height=\"304\" src=\"http:\/\/upac.asso.fr\/corrida\/wp-content\/uploads\/2021\/07\/pubQ_STAO.jpg\" class=\"attachment-full size-full\" alt=\"\" srcset=\"http:\/\/upac.asso.fr\/corrida\/wp-content\/uploads\/2021\/07\/pubQ_STAO.jpg 400w, http:\/\/upac.asso.fr\/corrida\/wp-content\/uploads\/2021\/07\/pubQ_STAO-120x91.jpg 120w\" sizes=\"auto, (max-width: 400px) 100vw, 400px\" \/>      <\/a>\n            <a href=\"https:\/\/www.generali.fr\/agence\/chateau-gontier\/pays-de-la-loire\/assurance\/qui-sommes-nous\" target=\"_blank\" class=\"col text-center\">\n        <img loading=\"lazy\" decoding=\"async\" width=\"200\" height=\"125\" src=\"http:\/\/upac.asso.fr\/corrida\/wp-content\/uploads\/2021\/07\/lamy.jpg\" class=\"attachment-full size-full\" alt=\"\" srcset=\"http:\/\/upac.asso.fr\/corrida\/wp-content\/uploads\/2021\/07\/lamy.jpg 200w, http:\/\/upac.asso.fr\/corrida\/wp-content\/uploads\/2021\/07\/lamy-120x75.jpg 120w\" sizes=\"auto, (max-width: 200px) 100vw, 200px\" \/>      <\/a>\n            <a href=\"\" target=\"_blank\" class=\"col text-center\">\n        <img loading=\"lazy\" decoding=\"async\" width=\"300\" height=\"213\" src=\"http:\/\/upac.asso.fr\/corrida\/wp-content\/uploads\/2021\/07\/logo-theodore.jpg\" class=\"attachment-full size-full\" alt=\"\" srcset=\"http:\/\/upac.asso.fr\/corrida\/wp-content\/uploads\/2021\/07\/logo-theodore.jpg 300w, http:\/\/upac.asso.fr\/corrida\/wp-content\/uploads\/2021\/07\/logo-theodore-120x85.jpg 120w\" sizes=\"auto, (max-width: 300px) 100vw, 300px\" \/>      <\/a>\n        <\/div>\n\n\n\n<div style=\"height:70px\" aria-hidden=\"true\" class=\"wp-block-spacer\"><\/div>\n","protected":false},"excerpt":{"rendered":"\u00c9preuve traditionnelle de notre \u00e9v\u00e8nement, l\u2019endurance pour les plus jeunes perdure dans un esprit familiale et festif. Date et heures et lieu d\u00e9part 28 d\u00e9cembre 2025 \u00e0 13h00, d\u00e9part Avenue Carnot Tarif gratuit Inscriptions Directement sur place \u00e0 partir de 12h00 Pas d\u2019inscription en ligne Parcours T\u00e9l\u00e9chargement Questionnaire Sant\u00e9","protected":false},"author":1,"featured_media":382,"parent":0,"menu_order":4,"comment_status":"closed","ping_status":"closed","template":"","meta":{"footnotes":""},"class_list":["post-230","page","type-page","status-publish","has-post-thumbnail","hentry"],"yoast_head":"<!-- This site is optimized with the Yoast SEO plugin v17.4 - https:\/\/yoast.com\/wordpress\/plugins\/seo\/ -->\n<meta name=\"description\" content=\"Cette \u00e9preuve est en fait un brevet d\u2019endurance propos\u00e9 au plus jeunes \u00e0 partir de 7 ans.\" \/>\n<meta name=\"robots\" content=\"index, follow, max-snippet:-1, max-image-preview:large, max-video-preview:-1\" \/>\n<link rel=\"canonical\" href=\"https:\/\/upac.asso.fr\/corrida\/endurance\/\" \/>\n<meta property=\"og:locale\" content=\"fr_FR\" \/>\n<meta property=\"og:type\" content=\"article\" \/>\n<meta property=\"og:title\" content=\"Endurance jeunes - Corrida Ch\u00e2teau-Gontier\" \/>\n<meta property=\"og:description\" content=\"Cette \u00e9preuve est en fait un brevet d\u2019endurance propos\u00e9 au plus jeunes \u00e0 partir de 7 ans.\" \/>\n<meta property=\"og:url\" content=\"https:\/\/upac.asso.fr\/corrida\/endurance\/\" \/>\n<meta property=\"og:site_name\" content=\"Corrida\" \/>\n<meta property=\"article:modified_time\" content=\"2025-12-17T14:52:00+00:00\" \/>\n<meta property=\"og:image\" content=\"https:\/\/upac.asso.fr\/corrida\/wp-content\/uploads\/2021\/07\/endurance.jpg\" \/>\n\t<meta property=\"og:image:width\" content=\"1600\" \/>\n\t<meta property=\"og:image:height\" content=\"300\" \/>\n<meta name=\"twitter:card\" content=\"summary_large_image\" \/>\n<meta name=\"twitter:label1\" content=\"Dur\u00e9e de lecture est.\" \/>\n\t<meta name=\"twitter:data1\" content=\"1 minute\" \/>\n<script type=\"application\/ld+json\" class=\"yoast-schema-graph\">{\"@context\":\"https:\/\/schema.org\",\"@graph\":[{\"@type\":\"WebSite\",\"@id\":\"https:\/\/upac.asso.fr\/corrida\/#website\",\"url\":\"https:\/\/upac.asso.fr\/corrida\/\",\"name\":\"Corrida\",\"description\":\"Un site utilisant WordPress\",\"potentialAction\":[{\"@type\":\"SearchAction\",\"target\":{\"@type\":\"EntryPoint\",\"urlTemplate\":\"https:\/\/upac.asso.fr\/corrida\/?s={search_term_string}\"},\"query-input\":\"required name=search_term_string\"}],\"inLanguage\":\"fr-FR\"},{\"@type\":\"ImageObject\",\"@id\":\"https:\/\/upac.asso.fr\/corrida\/endurance\/#primaryimage\",\"inLanguage\":\"fr-FR\",\"url\":\"http:\/\/upac.asso.fr\/corrida\/wp-content\/uploads\/2021\/07\/endurance.jpg\",\"contentUrl\":\"http:\/\/upac.asso.fr\/corrida\/wp-content\/uploads\/2021\/07\/endurance.jpg\",\"width\":1600,\"height\":300},{\"@type\":\"WebPage\",\"@id\":\"https:\/\/upac.asso.fr\/corrida\/endurance\/#webpage\",\"url\":\"https:\/\/upac.asso.fr\/corrida\/endurance\/\",\"name\":\"Endurance jeunes - Corrida Ch\\u00e2teau-Gontier\",\"isPartOf\":{\"@id\":\"https:\/\/upac.asso.fr\/corrida\/#website\"},\"primaryImageOfPage\":{\"@id\":\"https:\/\/upac.asso.fr\/corrida\/endurance\/#primaryimage\"},\"datePublished\":\"2020-09-25T07:26:31+00:00\",\"dateModified\":\"2025-12-17T14:52:00+00:00\",\"description\":\"Cette \\u00e9preuve est en fait un brevet d\\u2019endurance propos\\u00e9 au plus jeunes \\u00e0 partir de 7 ans.\",\"breadcrumb\":{\"@id\":\"https:\/\/upac.asso.fr\/corrida\/endurance\/#breadcrumb\"},\"inLanguage\":\"fr-FR\",\"potentialAction\":[{\"@type\":\"ReadAction\",\"target\":[\"https:\/\/upac.asso.fr\/corrida\/endurance\/\"]}]},{\"@type\":\"BreadcrumbList\",\"@id\":\"https:\/\/upac.asso.fr\/corrida\/endurance\/#breadcrumb\",\"itemListElement\":[{\"@type\":\"ListItem\",\"position\":1,\"name\":\"Accueil\",\"item\":\"https:\/\/upac.asso.fr\/corrida\/\"},{\"@type\":\"ListItem\",\"position\":2,\"name\":\"Endurance jeunes\"}]}]}<\/script>\n<!-- \/ Yoast SEO plugin. -->","yoast_head_json":{"description":"Cette \u00e9preuve est en fait un brevet d\u2019endurance propos\u00e9 au plus jeunes \u00e0 partir de 7 ans.","robots":{"index":"index","follow":"follow","max-snippet":"max-snippet:-1","max-image-preview":"max-image-preview:large","max-video-preview":"max-video-preview:-1"},"canonical":"https:\/\/upac.asso.fr\/corrida\/endurance\/","og_locale":"fr_FR","og_type":"article","og_title":"Endurance jeunes - Corrida Ch\u00e2teau-Gontier","og_description":"Cette \u00e9preuve est en fait un brevet d\u2019endurance propos\u00e9 au plus jeunes \u00e0 partir de 7 ans.","og_url":"https:\/\/upac.asso.fr\/corrida\/endurance\/","og_site_name":"Corrida","article_modified_time":"2025-12-17T14:52:00+00:00","og_image":[{"width":1600,"height":300,"url":"https:\/\/upac.asso.fr\/corrida\/wp-content\/uploads\/2021\/07\/endurance.jpg","type":"image\/jpeg"}],"twitter_card":"summary_large_image","twitter_misc":{"Dur\u00e9e de lecture est.":"1 minute"},"schema":{"@context":"https:\/\/schema.org","@graph":[{"@type":"WebSite","@id":"https:\/\/upac.asso.fr\/corrida\/#website","url":"https:\/\/upac.asso.fr\/corrida\/","name":"Corrida","description":"Un site utilisant WordPress","potentialAction":[{"@type":"SearchAction","target":{"@type":"EntryPoint","urlTemplate":"https:\/\/upac.asso.fr\/corrida\/?s={search_term_string}"},"query-input":"required name=search_term_string"}],"inLanguage":"fr-FR"},{"@type":"ImageObject","@id":"https:\/\/upac.asso.fr\/corrida\/endurance\/#primaryimage","inLanguage":"fr-FR","url":"http:\/\/upac.asso.fr\/corrida\/wp-content\/uploads\/2021\/07\/endurance.jpg","contentUrl":"http:\/\/upac.asso.fr\/corrida\/wp-content\/uploads\/2021\/07\/endurance.jpg","width":1600,"height":300},{"@type":"WebPage","@id":"https:\/\/upac.asso.fr\/corrida\/endurance\/#webpage","url":"https:\/\/upac.asso.fr\/corrida\/endurance\/","name":"Endurance jeunes - Corrida Ch\u00e2teau-Gontier","isPartOf":{"@id":"https:\/\/upac.asso.fr\/corrida\/#website"},"primaryImageOfPage":{"@id":"https:\/\/upac.asso.fr\/corrida\/endurance\/#primaryimage"},"datePublished":"2020-09-25T07:26:31+00:00","dateModified":"2025-12-17T14:52:00+00:00","description":"Cette \u00e9preuve est en fait un brevet d\u2019endurance propos\u00e9 au plus jeunes \u00e0 partir de 7 ans.","breadcrumb":{"@id":"https:\/\/upac.asso.fr\/corrida\/endurance\/#breadcrumb"},"inLanguage":"fr-FR","potentialAction":[{"@type":"ReadAction","target":["https:\/\/upac.asso.fr\/corrida\/endurance\/"]}]},{"@type":"BreadcrumbList","@id":"https:\/\/upac.asso.fr\/corrida\/endurance\/#breadcrumb","itemListElement":[{"@type":"ListItem","position":1,"name":"Accueil","item":"https:\/\/upac.asso.fr\/corrida\/"},{"@type":"ListItem","position":2,"name":"Endurance jeunes"}]}]}},"_links":{"self":[{"href":"http:\/\/upac.asso.fr\/corrida\/wp-json\/wp\/v2\/pages\/230","targetHints":{"allow":["GET"]}}],"collection":[{"href":"http:\/\/upac.asso.fr\/corrida\/wp-json\/wp\/v2\/pages"}],"about":[{"href":"http:\/\/upac.asso.fr\/corrida\/wp-json\/wp\/v2\/types\/page"}],"author":[{"embeddable":true,"href":"http:\/\/upac.asso.fr\/corrida\/wp-json\/wp\/v2\/users\/1"}],"replies":[{"embeddable":true,"href":"http:\/\/upac.asso.fr\/corrida\/wp-json\/wp\/v2\/comments?post=230"}],"version-history":[{"count":32,"href":"http:\/\/upac.asso.fr\/corrida\/wp-json\/wp\/v2\/pages\/230\/revisions"}],"predecessor-version":[{"id":1570,"href":"http:\/\/upac.asso.fr\/corrida\/wp-json\/wp\/v2\/pages\/230\/revisions\/1570"}],"wp:featuredmedia":[{"embeddable":true,"href":"http:\/\/upac.asso.fr\/corrida\/wp-json\/wp\/v2\/media\/382"}],"wp:attachment":[{"href":"http:\/\/upac.asso.fr\/corrida\/wp-json\/wp\/v2\/media?parent=230"}],"curies":[{"name":"wp","href":"https:\/\/api.w.org\/{rel}","templated":true}]}}